{"id":22,"date":"2025-11-27T15:49:10","date_gmt":"2025-11-27T14:49:10","guid":{"rendered":"https:\/\/groupebero.com\/?page_id=22"},"modified":"2026-02-20T12:05:28","modified_gmt":"2026-02-20T12:05:28","slug":"a-propos","status":"publish","type":"page","link":"https:\/\/groupebero.com\/en\/a-propos\/","title":{"rendered":"About Us"},"content":{"rendered":"<div data-elementor-type=\"wp-page\" data-elementor-id=\"22\" class=\"elementor elementor-22\">\n\t\t\t\t<div class=\"elementor-element elementor-element-a665ca1 e-grid e-con-boxed e-con e-parent\" data-id=\"a665ca1\" data-element_type=\"container\">\n\t\t\t\t\t<div class=\"e-con-inner\">\n\t\t\t\t<div class=\"elementor-element elementor-element-d85acea elementor-widget elementor-widget-text-editor\" data-id=\"d85acea\" data-element_type=\"widget\" data-widget_type=\"text-editor.default\">\n\t\t\t\t\t\t\t\t\t<h1 style=\"text-align: center; color: #187c26;\">\u2015 About Us \u2015<\/h1>\t\t\t\t\t\t\t\t<\/div>\n\t\t\t\t\t<\/div>\n\t\t\t\t<\/div>\n\t\t<div class=\"elementor-element elementor-element-1685154 e-grid e-con-boxed e-con e-parent\" data-id=\"1685154\" data-element_type=\"container\">\n\t\t\t\t\t<div class=\"e-con-inner\">\n\t\t\t\t<div class=\"elementor-element elementor-element-4dceae5 elementor-widget elementor-widget-text-editor\" data-id=\"4dceae5\" data-element_type=\"widget\" data-widget_type=\"text-editor.default\">\n\t\t\t\t\t\t\t\t\t<p>BERO Consulting is an Engineering Office with a qualified team and high-performance technical resources to support its clients in all phases of their projects, from the initial study to completion. It handles the selection, sizing, economic justification, programming of investments and their maintenance, the legislative and regulatory framework governing investments and their operation, transformations, strategies, and logistical organization.<\/p><p>We also rely on a vast network of collaborators selected for their complementary skills and <br \/>promoting transdisciplinary approaches to development.<\/p><p>We bring our expertise to the execution of technical construction research (preliminary research, feasibility studies, economic and financial studies, preliminary and detailed designs, impact assessments, preparation of tender documents and support for contract award, execution plans), the implementation of information systems, and project monitoring. The areas covered are diverse and varied.<\/p><p>Our commitment: to offer sustainable, innovative and rigorous solutions to support territorial development.<\/p>\t\t\t\t\t\t\t\t<\/div>\n\t\t\t\t\t<\/div>\n\t\t\t\t<\/div>\n\t\t\t\t<\/div>","protected":false},"excerpt":{"rendered":"<p>\u2015 A Propos de Nous \u2015 BERO Consulting est un Bureau d&rsquo;Etudes dot\u00e9e d\u2019une \u00e9quipe qualifi\u00e9e et de moyens techniques performants pour accompagner ses clients dans toutes les phases de leurs projets, de l\u2019\u00e9tude \u00e0 la r\u00e9alisation. Il traite du<\/p>","protected":false},"author":1,"featured_media":0,"parent":0,"menu_order":0,"comment_status":"closed","ping_status":"closed","template":"","meta":{"footnotes":""},"class_list":["post-22","page","type-page","status-publish","hentry"],"_links":{"self":[{"href":"https:\/\/groupebero.com\/en\/wp-json\/wp\/v2\/pages\/22","targetHints":{"allow":["GET"]}}],"collection":[{"href":"https:\/\/groupebero.com\/en\/wp-json\/wp\/v2\/pages"}],"about":[{"href":"https:\/\/groupebero.com\/en\/wp-json\/wp\/v2\/types\/page"}],"author":[{"embeddable":true,"href":"https:\/\/groupebero.com\/en\/wp-json\/wp\/v2\/users\/1"}],"replies":[{"embeddable":true,"href":"https:\/\/groupebero.com\/en\/wp-json\/wp\/v2\/comments?post=22"}],"version-history":[{"count":4,"href":"https:\/\/groupebero.com\/en\/wp-json\/wp\/v2\/pages\/22\/revisions"}],"predecessor-version":[{"id":219,"href":"https:\/\/groupebero.com\/en\/wp-json\/wp\/v2\/pages\/22\/revisions\/219"}],"wp:attachment":[{"href":"https:\/\/groupebero.com\/en\/wp-json\/wp\/v2\/media?parent=22"}],"curies":[{"name":"wp","href":"https:\/\/api.w.org\/{rel}","templated":true}]}}