{"id":83,"date":"2026-01-23T14:07:41","date_gmt":"2026-01-23T14:07:41","guid":{"rendered":"https:\/\/groupebero.com\/?page_id=83"},"modified":"2026-03-08T09:37:40","modified_gmt":"2026-03-08T09:37:40","slug":"acceuil","status":"publish","type":"page","link":"https:\/\/groupebero.com\/en\/","title":{"rendered":"Acceuil"},"content":{"rendered":"<div data-elementor-type=\"wp-page\" data-elementor-id=\"83\" class=\"elementor elementor-83\">\n\t\t\t\t<div class=\"elementor-element elementor-element-0e2a820 e-grid e-con-boxed e-con e-parent\" data-id=\"0e2a820\" data-element_type=\"container\">\n\t\t\t\t\t<div class=\"e-con-inner\">\n\t\t\t\t<div class=\"elementor-element elementor-element-d7270bf elementor-widget elementor-widget-text-editor\" data-id=\"d7270bf\" data-element_type=\"widget\" data-widget_type=\"text-editor.default\">\n\t\t\t\t\t\t\t\t\t<h2 style=\"text-align: left; color: #187c26;\">\u2015 BERO Consulting \u2015<\/h2>\t\t\t\t\t\t\t\t<\/div>\n\t\t\t\t\t<\/div>\n\t\t\t\t<\/div>\n\t\t<div class=\"elementor-element elementor-element-b8f44fc e-flex e-con-boxed e-con e-parent\" data-id=\"b8f44fc\" data-element_type=\"container\">\n\t\t\t\t\t<div class=\"e-con-inner\">\n\t\t<div class=\"elementor-element elementor-element-f0e70b6 e-con-full e-flex elementor-invisible e-con e-child\" data-id=\"f0e70b6\" data-element_type=\"container\" data-settings=\"{&quot;animation&quot;:&quot;fadeInLeft&quot;}\">\n\t\t\t\t<div class=\"elementor-element elementor-element-acb737a elementor-widget elementor-widget-text-editor\" data-id=\"acb737a\" data-element_type=\"widget\" data-widget_type=\"text-editor.default\">\n\t\t\t\t\t\t\t\t\t<p>Specializing in the fields of Technology, Industry and Project Management in Sub-Saharan Africa, BERO Consulting is recognized for its expertise and professionalism.<\/p><p>Our teams of qualified and experienced professionals implement the latest techniques and technologies to help project owners and companies maximize their performance and achieve their construction and development goals.<\/p><p>Our business, as a consulting office, is to provide high-performance and innovative solutions, \ntailored to the specific needs of each project, while ensuring that costs remain competitive.<\/p><p>At BERO Consulting, we place great importance on maintaining close and dynamic relationships with our partners to ensure effective and harmonious collaboration throughout the entire process. We are proud of our commitment to excellence and our contribution to the development of engineering in Africa as a leading engineering firm.<\/p>\t\t\t\t\t\t\t\t<\/div>\n\t\t\t\t<\/div>\n\t\t<div class=\"elementor-element elementor-element-18e341a e-con-full e-flex e-con e-child\" data-id=\"18e341a\" data-element_type=\"container\">\n\t\t\t\t<div class=\"elementor-element elementor-element-e5e15aa elementor-widget elementor-widget-image\" data-id=\"e5e15aa\" data-element_type=\"widget\" data-widget_type=\"image.default\">\n\t\t\t\t\t\t\t\t\t\t\t\t\t\t\t<img fetchpriority=\"high\" decoding=\"async\" width=\"500\" height=\"334\" src=\"https:\/\/groupebero.com\/wp-content\/uploads\/2026\/03\/bureau-etude.jpg\" class=\"attachment-large size-large wp-image-352\" alt=\"\" srcset=\"https:\/\/groupebero.com\/wp-content\/uploads\/2026\/03\/bureau-etude.jpg 500w, https:\/\/groupebero.com\/wp-content\/uploads\/2026\/03\/bureau-etude-300x200.jpg 300w, https:\/\/groupebero.com\/wp-content\/uploads\/2026\/03\/bureau-etude-18x12.jpg 18w\" sizes=\"(max-width: 500px) 100vw, 500px\" \/>\t\t\t\t\t\t\t\t\t\t\t\t\t\t\t<\/div>\n\t\t\t\t<\/div>\n\t\t\t\t\t<\/div>\n\t\t\t\t<\/div>\n\t\t<div class=\"elementor-element elementor-element-7c94fe0 e-grid e-con-boxed e-con e-parent\" data-id=\"7c94fe0\" data-element_type=\"container\">\n\t\t\t\t\t<div class=\"e-con-inner\">\n\t\t\t\t\t<\/div>\n\t\t\t\t<\/div>\n\t\t<div class=\"elementor-element elementor-element-7f787a5 e-grid e-con-boxed e-con e-parent\" data-id=\"7f787a5\" data-element_type=\"container\">\n\t\t\t\t\t<div class=\"e-con-inner\">\n\t\t\t\t<div class=\"elementor-element elementor-element-34c5fec elementor-widget elementor-widget-text-editor\" data-id=\"34c5fec\" data-element_type=\"widget\" data-widget_type=\"text-editor.default\">\n\t\t\t\t\t\t\t\t\t<h2 style=\"text-align: right; color: #187c26;\">\u2015 Some Figures \u2015<\/h2>\t\t\t\t\t\t\t\t<\/div>\n\t\t\t\t\t<\/div>\n\t\t\t\t<\/div>\n\t\t<div class=\"elementor-element elementor-element-294fd22 e-grid e-con-boxed elementor-invisible e-con e-parent\" data-id=\"294fd22\" data-element_type=\"container\" data-settings=\"{&quot;animation&quot;:&quot;zoomInLeft&quot;}\">\n\t\t\t\t\t<div class=\"e-con-inner\">\n\t\t\t\t<div class=\"elementor-element elementor-element-69f96ca elementor-widget elementor-widget-text-editor\" data-id=\"69f96ca\" data-element_type=\"widget\" data-widget_type=\"text-editor.default\">\n\t\t\t\t\t\t\t\t\t<h1 style=\"color: #263b9d; font-size: 70px; text-align: center;\">+10<\/h1>\n<p style=\"text-align: center;\">Years of Experience<\/p>\t\t\t\t\t\t\t\t<\/div>\n\t\t\t\t<div class=\"elementor-element elementor-element-72986e6 elementor-widget elementor-widget-text-editor\" data-id=\"72986e6\" data-element_type=\"widget\" data-widget_type=\"text-editor.default\">\n\t\t\t\t\t\t\t\t\t<h1 style=\"color: #263b9d; font-size: 70px; text-align: center;\">+50<\/h1>\n<p style=\"text-align: center;\">Undertaken Projects<\/p>\t\t\t\t\t\t\t\t<\/div>\n\t\t\t\t<div class=\"elementor-element elementor-element-75fa7eb elementor-widget elementor-widget-text-editor\" data-id=\"75fa7eb\" data-element_type=\"widget\" data-widget_type=\"text-editor.default\">\n\t\t\t\t\t\t\t\t\t<h1 style=\"color: #263b9d; font-size: 70px; text-align: center;\">+25<\/h1>\n<p style=\"text-align: center;\">Mobilized Experts<\/p>\t\t\t\t\t\t\t\t<\/div>\n\t\t\t\t<div class=\"elementor-element elementor-element-623847d elementor-widget elementor-widget-text-editor\" data-id=\"623847d\" data-element_type=\"widget\" data-widget_type=\"text-editor.default\">\n\t\t\t\t\t\t\t\t\t<h1 style=\"color: #263b9d; font-size: 70px; text-align: center;\">+100<\/h1>\n<p style=\"text-align: center;\">Satisfied Customers<\/p>\t\t\t\t\t\t\t\t<\/div>\n\t\t\t\t\t<\/div>\n\t\t\t\t<\/div>\n\t\t<div class=\"elementor-element elementor-element-4233aa0 e-grid e-con-boxed e-con e-parent\" data-id=\"4233aa0\" data-element_type=\"container\">\n\t\t\t\t\t<div class=\"e-con-inner\">\n\t\t\t\t\t<\/div>\n\t\t\t\t<\/div>\n\t\t<div class=\"elementor-element elementor-element-28bd5a0 e-grid e-con-boxed e-con e-parent\" data-id=\"28bd5a0\" data-element_type=\"container\">\n\t\t\t\t\t<div class=\"e-con-inner\">\n\t\t\t\t<div class=\"elementor-element elementor-element-d64355d elementor-widget elementor-widget-text-editor\" data-id=\"d64355d\" data-element_type=\"widget\" data-widget_type=\"text-editor.default\">\n\t\t\t\t\t\t\t\t\t<h2 style=\"text-align:left; color: #187c26;\">\u2015 Our Certifications \u2015<\/h2>\t\t\t\t\t\t\t\t<\/div>\n\t\t\t\t\t<\/div>\n\t\t\t\t<\/div>\n\t\t<div class=\"elementor-element elementor-element-58f854a e-grid e-con-boxed elementor-invisible e-con e-parent\" data-id=\"58f854a\" data-element_type=\"container\" data-settings=\"{&quot;animation&quot;:&quot;rotateInDownLeft&quot;}\">\n\t\t\t\t\t<div class=\"e-con-inner\">\n\t\t\t\t<div class=\"elementor-element elementor-element-818c358 elementor-widget elementor-widget-image\" data-id=\"818c358\" data-element_type=\"widget\" data-widget_type=\"image.default\">\n\t\t\t\t\t\t\t\t\t\t\t\t\t\t\t<img decoding=\"async\" width=\"150\" height=\"150\" src=\"https:\/\/groupebero.com\/wp-content\/uploads\/2026\/03\/ISO270015-150x150.png\" class=\"attachment-thumbnail size-thumbnail wp-image-287\" alt=\"\" srcset=\"https:\/\/groupebero.com\/wp-content\/uploads\/2026\/03\/ISO270015-150x150.png 150w, https:\/\/groupebero.com\/wp-content\/uploads\/2026\/03\/ISO270015-12x12.png 12w\" sizes=\"(max-width: 150px) 100vw, 150px\" \/>\t\t\t\t\t\t\t\t\t\t\t\t\t\t\t<\/div>\n\t\t\t\t<div class=\"elementor-element elementor-element-8ebd833 elementor-widget elementor-widget-image\" data-id=\"8ebd833\" data-element_type=\"widget\" data-widget_type=\"image.default\">\n\t\t\t\t\t\t\t\t\t\t\t\t\t\t\t<img decoding=\"async\" width=\"300\" height=\"300\" src=\"https:\/\/groupebero.com\/wp-content\/uploads\/2026\/03\/security-plus-300x300.png\" class=\"attachment-medium size-medium wp-image-281\" alt=\"\" srcset=\"https:\/\/groupebero.com\/wp-content\/uploads\/2026\/03\/security-plus-300x300.png 300w, https:\/\/groupebero.com\/wp-content\/uploads\/2026\/03\/security-plus-150x150.png 150w, https:\/\/groupebero.com\/wp-content\/uploads\/2026\/03\/security-plus-12x12.png 12w, https:\/\/groupebero.com\/wp-content\/uploads\/2026\/03\/security-plus-270x270.png 270w, https:\/\/groupebero.com\/wp-content\/uploads\/2026\/03\/security-plus-230x230.png 230w, https:\/\/groupebero.com\/wp-content\/uploads\/2026\/03\/security-plus.png 512w\" sizes=\"(max-width: 300px) 100vw, 300px\" \/>\t\t\t\t\t\t\t\t\t\t\t\t\t\t\t<\/div>\n\t\t\t\t<div class=\"elementor-element elementor-element-ed928d9 elementor-widget elementor-widget-image\" data-id=\"ed928d9\" data-element_type=\"widget\" data-widget_type=\"image.default\">\n\t\t\t\t\t\t\t\t\t\t\t\t\t\t\t<img loading=\"lazy\" decoding=\"async\" width=\"200\" height=\"200\" src=\"https:\/\/groupebero.com\/wp-content\/uploads\/2026\/03\/CCNP_Enterprise_large.jpg\" class=\"attachment-large size-large wp-image-291\" alt=\"\" srcset=\"https:\/\/groupebero.com\/wp-content\/uploads\/2026\/03\/CCNP_Enterprise_large.jpg 200w, https:\/\/groupebero.com\/wp-content\/uploads\/2026\/03\/CCNP_Enterprise_large-150x150.jpg 150w, https:\/\/groupebero.com\/wp-content\/uploads\/2026\/03\/CCNP_Enterprise_large-12x12.jpg 12w\" sizes=\"(max-width: 200px) 100vw, 200px\" \/>\t\t\t\t\t\t\t\t\t\t\t\t\t\t\t<\/div>\n\t\t\t\t<div class=\"elementor-element elementor-element-c31d419 elementor-widget elementor-widget-image\" data-id=\"c31d419\" data-element_type=\"widget\" data-widget_type=\"image.default\">\n\t\t\t\t\t\t\t\t\t\t\t\t\t\t\t<img loading=\"lazy\" decoding=\"async\" width=\"600\" height=\"600\" src=\"https:\/\/groupebero.com\/wp-content\/uploads\/2026\/03\/1072-21_Oracle_Cloud_Infrastructure_Architect.png\" class=\"attachment-large size-large wp-image-286\" alt=\"\" srcset=\"https:\/\/groupebero.com\/wp-content\/uploads\/2026\/03\/1072-21_Oracle_Cloud_Infrastructure_Architect.png 600w, https:\/\/groupebero.com\/wp-content\/uploads\/2026\/03\/1072-21_Oracle_Cloud_Infrastructure_Architect-300x300.png 300w, https:\/\/groupebero.com\/wp-content\/uploads\/2026\/03\/1072-21_Oracle_Cloud_Infrastructure_Architect-150x150.png 150w, https:\/\/groupebero.com\/wp-content\/uploads\/2026\/03\/1072-21_Oracle_Cloud_Infrastructure_Architect-12x12.png 12w, https:\/\/groupebero.com\/wp-content\/uploads\/2026\/03\/1072-21_Oracle_Cloud_Infrastructure_Architect-270x270.png 270w, https:\/\/groupebero.com\/wp-content\/uploads\/2026\/03\/1072-21_Oracle_Cloud_Infrastructure_Architect-230x230.png 230w\" sizes=\"(max-width: 600px) 100vw, 600px\" \/>\t\t\t\t\t\t\t\t\t\t\t\t\t\t\t<\/div>\n\t\t\t\t<div class=\"elementor-element elementor-element-2efbcec elementor-widget elementor-widget-image\" data-id=\"2efbcec\" data-element_type=\"widget\" data-widget_type=\"image.default\">\n\t\t\t\t\t\t\t\t\t\t\t\t\t\t\t<img loading=\"lazy\" decoding=\"async\" width=\"554\" height=\"524\" src=\"https:\/\/groupebero.com\/wp-content\/uploads\/2026\/03\/comptiaaplus.png\" class=\"attachment-large size-large wp-image-289\" alt=\"\" srcset=\"https:\/\/groupebero.com\/wp-content\/uploads\/2026\/03\/comptiaaplus.png 554w, https:\/\/groupebero.com\/wp-content\/uploads\/2026\/03\/comptiaaplus-300x284.png 300w, https:\/\/groupebero.com\/wp-content\/uploads\/2026\/03\/comptiaaplus-13x12.png 13w\" sizes=\"(max-width: 554px) 100vw, 554px\" \/>\t\t\t\t\t\t\t\t\t\t\t\t\t\t\t<\/div>\n\t\t\t\t<div class=\"elementor-element elementor-element-cbab733 elementor-widget elementor-widget-image\" data-id=\"cbab733\" data-element_type=\"widget\" data-widget_type=\"image.default\">\n\t\t\t\t\t\t\t\t\t\t\t\t\t\t\t<img loading=\"lazy\" decoding=\"async\" width=\"150\" height=\"150\" src=\"https:\/\/groupebero.com\/wp-content\/uploads\/2026\/03\/ocp.jpg\" class=\"attachment-thumbnail size-thumbnail wp-image-299\" alt=\"\" srcset=\"https:\/\/groupebero.com\/wp-content\/uploads\/2026\/03\/ocp.jpg 150w, https:\/\/groupebero.com\/wp-content\/uploads\/2026\/03\/ocp-12x12.jpg 12w\" sizes=\"(max-width: 150px) 100vw, 150px\" \/>\t\t\t\t\t\t\t\t\t\t\t\t\t\t\t<\/div>\n\t\t\t\t\t<\/div>\n\t\t\t\t<\/div>\n\t\t<div class=\"elementor-element elementor-element-adfd610 e-grid e-con-boxed e-con e-parent\" data-id=\"adfd610\" data-element_type=\"container\">\n\t\t\t\t\t<div class=\"e-con-inner\">\n\t\t\t\t\t<\/div>\n\t\t\t\t<\/div>\n\t\t<div class=\"elementor-element elementor-element-0603f29 e-grid e-con-boxed e-con e-parent\" data-id=\"0603f29\" data-element_type=\"container\">\n\t\t\t\t\t<div class=\"e-con-inner\">\n\t\t\t\t<div class=\"elementor-element elementor-element-5f79169 elementor-widget elementor-widget-html\" data-id=\"5f79169\" data-element_type=\"widget\" data-widget_type=\"html.default\">\n\t\t\t\t\t<h2 style=\"text-align:center; color:#187c26\">\u2015 Our Services \u2015<\/h2>\t\t\t\t<\/div>\n\t\t\t\t\t<\/div>\n\t\t\t\t<\/div>\n\t\t<div class=\"elementor-element elementor-element-0e2ab95 e-grid e-con-boxed elementor-invisible e-con e-parent\" data-id=\"0e2ab95\" data-element_type=\"container\" data-settings=\"{&quot;animation&quot;:&quot;bounce&quot;}\">\n\t\t\t\t\t<div class=\"e-con-inner\">\n\t\t\t\t<div class=\"elementor-element elementor-element-b5144c0 elementor-widget elementor-widget-image\" data-id=\"b5144c0\" data-element_type=\"widget\" data-widget_type=\"image.default\">\n\t\t\t\t\t\t\t\t\t\t\t\t\t\t\t<img loading=\"lazy\" decoding=\"async\" width=\"100\" height=\"96\" src=\"https:\/\/groupebero.com\/wp-content\/uploads\/2026\/01\/systeminformation-reduit-1.png\" class=\"attachment-thumbnail size-thumbnail wp-image-132\" alt=\"\" srcset=\"https:\/\/groupebero.com\/wp-content\/uploads\/2026\/01\/systeminformation-reduit-1.png 100w, https:\/\/groupebero.com\/wp-content\/uploads\/2026\/01\/systeminformation-reduit-1-13x12.png 13w\" sizes=\"(max-width: 100px) 100vw, 100px\" \/>\t\t\t\t\t\t\t\t\t\t\t\t\t\t\t<\/div>\n\t\t\t\t<div class=\"elementor-element elementor-element-c5c2360 elementor-widget elementor-widget-image\" data-id=\"c5c2360\" data-element_type=\"widget\" data-widget_type=\"image.default\">\n\t\t\t\t\t\t\t\t\t\t\t\t\t\t\t<img loading=\"lazy\" decoding=\"async\" width=\"100\" height=\"99\" src=\"https:\/\/groupebero.com\/wp-content\/uploads\/2026\/01\/construction1-reduit-1.png\" class=\"attachment-large size-large wp-image-133\" alt=\"\" srcset=\"https:\/\/groupebero.com\/wp-content\/uploads\/2026\/01\/construction1-reduit-1.png 100w, https:\/\/groupebero.com\/wp-content\/uploads\/2026\/01\/construction1-reduit-1-12x12.png 12w\" sizes=\"(max-width: 100px) 100vw, 100px\" \/>\t\t\t\t\t\t\t\t\t\t\t\t\t\t\t<\/div>\n\t\t\t\t<div class=\"elementor-element elementor-element-1e9ec7f elementor-widget elementor-widget-image\" data-id=\"1e9ec7f\" data-element_type=\"widget\" data-widget_type=\"image.default\">\n\t\t\t\t\t\t\t\t\t\t\t\t\t\t\t<img loading=\"lazy\" decoding=\"async\" width=\"100\" height=\"100\" src=\"https:\/\/groupebero.com\/wp-content\/uploads\/2026\/01\/1015322-reduit.png\" class=\"attachment-large size-large wp-image-126\" alt=\"\" srcset=\"https:\/\/groupebero.com\/wp-content\/uploads\/2026\/01\/1015322-reduit.png 100w, https:\/\/groupebero.com\/wp-content\/uploads\/2026\/01\/1015322-reduit-12x12.png 12w\" sizes=\"(max-width: 100px) 100vw, 100px\" \/>\t\t\t\t\t\t\t\t\t\t\t\t\t\t\t<\/div>\n\t\t\t\t<div class=\"elementor-element elementor-element-e49e642 elementor-widget elementor-widget-image\" data-id=\"e49e642\" data-element_type=\"widget\" data-widget_type=\"image.default\">\n\t\t\t\t\t\t\t\t\t\t\t\t\t\t\t<img loading=\"lazy\" decoding=\"async\" width=\"100\" height=\"100\" src=\"https:\/\/groupebero.com\/wp-content\/uploads\/2026\/01\/construction-reduit.png\" class=\"attachment-large size-large wp-image-124\" alt=\"\" srcset=\"https:\/\/groupebero.com\/wp-content\/uploads\/2026\/01\/construction-reduit.png 100w, https:\/\/groupebero.com\/wp-content\/uploads\/2026\/01\/construction-reduit-12x12.png 12w\" sizes=\"(max-width: 100px) 100vw, 100px\" \/>\t\t\t\t\t\t\t\t\t\t\t\t\t\t\t<\/div>\n\t\t\t\t\t<\/div>\n\t\t\t\t<\/div>\n\t\t<div class=\"elementor-element elementor-element-56e8a7e e-grid e-con-boxed e-con e-parent\" data-id=\"56e8a7e\" data-element_type=\"container\">\n\t\t\t\t\t<div class=\"e-con-inner\">\n\t\t\t\t<div class=\"elementor-element elementor-element-6044fbd elementor-widget elementor-widget-text-editor\" data-id=\"6044fbd\" data-element_type=\"widget\" data-widget_type=\"text-editor.default\">\n\t\t\t\t\t\t\t\t\t<p class=\"translation-block\"><strong>Information <\/strong><strong>Systems Design<\/strong><\/p>\t\t\t\t\t\t\t\t<\/div>\n\t\t\t\t<div class=\"elementor-element elementor-element-0f0e648 elementor-widget elementor-widget-text-editor\" data-id=\"0f0e648\" data-element_type=\"widget\" data-widget_type=\"text-editor.default\">\n\t\t\t\t\t\t\t\t\t<p><strong>Support in Construction Work<\/strong><\/p>\t\t\t\t\t\t\t\t<\/div>\n\t\t\t\t<div class=\"elementor-element elementor-element-a5e69a9 elementor-widget elementor-widget-text-editor\" data-id=\"a5e69a9\" data-element_type=\"widget\" data-widget_type=\"text-editor.default\">\n\t\t\t\t\t\t\t\t\t<p><strong>Energy and Data Systems Installations<\/strong><\/p>\t\t\t\t\t\t\t\t<\/div>\n\t\t\t\t<div class=\"elementor-element elementor-element-83eb74a elementor-widget elementor-widget-text-editor\" data-id=\"83eb74a\" data-element_type=\"widget\" data-widget_type=\"text-editor.default\">\n\t\t\t\t\t\t\t\t\t<p><strong>Management Solutions Setups<\/strong><\/p>\t\t\t\t\t\t\t\t<\/div>\n\t\t\t\t\t<\/div>\n\t\t\t\t<\/div>\n\t\t<div class=\"elementor-element elementor-element-b9a1c86 e-grid e-con-boxed elementor-invisible e-con e-parent\" data-id=\"b9a1c86\" data-element_type=\"container\" data-settings=\"{&quot;animation&quot;:&quot;slideInUp&quot;}\">\n\t\t\t\t\t<div class=\"e-con-inner\">\n\t\t\t\t<div class=\"elementor-element elementor-element-9b45fb0 elementor-widget elementor-widget-text-editor\" data-id=\"9b45fb0\" data-element_type=\"widget\" data-widget_type=\"text-editor.default\">\n\t\t\t\t\t\t\t\t\t<ul>\n \t<li>Analysis of requirements and objectives<\/li>\n \t<li>Design, Modeling and Implementation<\/li>\n \t<li>Software Acquisition and Development<\/li>\n \t<li>Hardware Configuration<\/li>\n \t<li>Maintenance, Deployment<\/li>\n \t<li>Users Training<\/li>\n \t<li>Upgrade Management<\/li>\n<\/ul>\t\t\t\t\t\t\t\t<\/div>\n\t\t\t\t<div class=\"elementor-element elementor-element-49b6d74 elementor-widget elementor-widget-text-editor\" data-id=\"49b6d74\" data-element_type=\"widget\" data-widget_type=\"text-editor.default\">\n\t\t\t\t\t\t\t\t\t<ul>\n \t<li>Feasibility studies<\/li>\n \t<li>Preliminary analysis<\/li>\n \t<li>Market research<\/li>\n \t<li>Technical and legal analysis<\/li>\n \t<li>Financial forecasting<\/li>\n \t<li>Risk analysis<\/li>\n \t<li>Identification of potential obstacles<\/li>\n \t<li>Monitoring and evaluation<\/li>\n \t<li>Final report and decision<\/li>\n<\/ul>\t\t\t\t\t\t\t\t<\/div>\n\t\t\t\t<div class=\"elementor-element elementor-element-bdf33f8 elementor-widget elementor-widget-text-editor\" data-id=\"bdf33f8\" data-element_type=\"widget\" data-widget_type=\"text-editor.default\">\n\t\t\t\t\t\t\t\t\t<ul>\n \t<li>Computer network<\/li>\n \t<li>Telephone network<\/li>\n \t<li>Video surveillance network<\/li>\n \t<li>Access control network<\/li>\n \t<li>Electrical network<\/li>\n \t<li>Fire safety system<\/li>\n<\/ul>\t\t\t\t\t\t\t\t<\/div>\n\t\t\t\t<div class=\"elementor-element elementor-element-06083ed elementor-widget elementor-widget-text-editor\" data-id=\"06083ed\" data-element_type=\"widget\" data-widget_type=\"text-editor.default\">\n\t\t\t\t\t\t\t\t\t<ul>\n \t<li>Sales management<\/li>\n \t<li>Cash management<\/li>\n \t<li>Accounting management<\/li>\n \t<li>Payroll management<\/li>\n \t<li>Project management<\/li>\n \t<li>Fixed asset management<\/li>\n \t<li>Building management<\/li>\n \t<li>Real estate agency management<\/li>\n<\/ul>\t\t\t\t\t\t\t\t<\/div>\n\t\t\t\t\t<\/div>\n\t\t\t\t<\/div>\n\t\t\t\t<\/div>","protected":false},"excerpt":{"rendered":"<p>\u2015 BERO Consulting \u2015 Sp\u00e9cialis\u00e9 dans les domaines de la Technologie,\u00a0 de l\u2019Industrie et de la Gestion de Projets en Afrique Sub Saharienne, BERO Consulting est reconnu pour son expertise et son professionnalisme. Nos \u00e9quipes de professionnels qualifi\u00e9s et exp\u00e9riment\u00e9s<\/p>","protected":false},"author":1,"featured_media":0,"parent":0,"menu_order":0,"comment_status":"closed","ping_status":"closed","template":"","meta":{"footnotes":""},"class_list":["post-83","page","type-page","status-publish","hentry"],"_links":{"self":[{"href":"https:\/\/groupebero.com\/en\/wp-json\/wp\/v2\/pages\/83","targetHints":{"allow":["GET"]}}],"collection":[{"href":"https:\/\/groupebero.com\/en\/wp-json\/wp\/v2\/pages"}],"about":[{"href":"https:\/\/groupebero.com\/en\/wp-json\/wp\/v2\/types\/page"}],"author":[{"embeddable":true,"href":"https:\/\/groupebero.com\/en\/wp-json\/wp\/v2\/users\/1"}],"replies":[{"embeddable":true,"href":"https:\/\/groupebero.com\/en\/wp-json\/wp\/v2\/comments?post=83"}],"version-history":[{"count":139,"href":"https:\/\/groupebero.com\/en\/wp-json\/wp\/v2\/pages\/83\/revisions"}],"predecessor-version":[{"id":415,"href":"https:\/\/groupebero.com\/en\/wp-json\/wp\/v2\/pages\/83\/revisions\/415"}],"wp:attachment":[{"href":"https:\/\/groupebero.com\/en\/wp-json\/wp\/v2\/media?parent=83"}],"curies":[{"name":"wp","href":"https:\/\/api.w.org\/{rel}","templated":true}]}}