{"id":9,"date":"2025-11-27T11:18:34","date_gmt":"2025-11-27T10:18:34","guid":{"rendered":"https:\/\/groupebero.com\/?page_id=9"},"modified":"2026-03-08T09:34:54","modified_gmt":"2026-03-08T09:34:54","slug":"nos-services","status":"publish","type":"page","link":"https:\/\/groupebero.com\/en\/nos-services\/","title":{"rendered":"Our Services"},"content":{"rendered":"<div data-elementor-type=\"wp-page\" data-elementor-id=\"9\" class=\"elementor elementor-9\">\n\t\t\t\t<div class=\"elementor-element elementor-element-466f347 e-flex e-con-boxed e-con e-parent\" data-id=\"466f347\" data-element_type=\"container\">\n\t\t\t\t\t<div class=\"e-con-inner\">\n\t\t\t\t<div class=\"elementor-element elementor-element-8b64e88 elementor-widget elementor-widget-text-editor\" data-id=\"8b64e88\" data-element_type=\"widget\" data-widget_type=\"text-editor.default\">\n\t\t\t\t\t\t\t\t\t<h1 style=\"text-align: center; color: #187c26;\">\u2015 Our Services \u2015<\/h1>\t\t\t\t\t\t\t\t<\/div>\n\t\t\t\t\t<\/div>\n\t\t\t\t<\/div>\n\t\t<div class=\"elementor-element elementor-element-4e0a99a e-grid e-con-boxed elementor-invisible e-con e-parent\" data-id=\"4e0a99a\" data-element_type=\"container\" data-settings=\"{&quot;animation&quot;:&quot;bounce&quot;}\">\n\t\t\t\t\t<div class=\"e-con-inner\">\n\t\t\t\t<div class=\"elementor-element elementor-element-cf0bde2 elementor-widget elementor-widget-image\" data-id=\"cf0bde2\" data-element_type=\"widget\" data-widget_type=\"image.default\">\n\t\t\t\t\t\t\t\t\t\t\t\t\t\t\t<img decoding=\"async\" width=\"100\" height=\"96\" src=\"https:\/\/groupebero.com\/wp-content\/uploads\/2026\/01\/systeminformation-reduit-1.png\" class=\"attachment-medium size-medium wp-image-132\" alt=\"\" srcset=\"https:\/\/groupebero.com\/wp-content\/uploads\/2026\/01\/systeminformation-reduit-1.png 100w, https:\/\/groupebero.com\/wp-content\/uploads\/2026\/01\/systeminformation-reduit-1-13x12.png 13w\" sizes=\"(max-width: 100px) 100vw, 100px\" \/>\t\t\t\t\t\t\t\t\t\t\t\t\t\t\t<\/div>\n\t\t\t\t<div class=\"elementor-element elementor-element-894607f elementor-widget elementor-widget-image\" data-id=\"894607f\" data-element_type=\"widget\" data-widget_type=\"image.default\">\n\t\t\t\t\t\t\t\t\t\t\t\t\t\t\t<img decoding=\"async\" width=\"100\" height=\"99\" src=\"https:\/\/groupebero.com\/wp-content\/uploads\/2026\/01\/construction1-reduit-1.png\" class=\"attachment-medium size-medium wp-image-133\" alt=\"\" srcset=\"https:\/\/groupebero.com\/wp-content\/uploads\/2026\/01\/construction1-reduit-1.png 100w, https:\/\/groupebero.com\/wp-content\/uploads\/2026\/01\/construction1-reduit-1-12x12.png 12w\" sizes=\"(max-width: 100px) 100vw, 100px\" \/>\t\t\t\t\t\t\t\t\t\t\t\t\t\t\t<\/div>\n\t\t\t\t<div class=\"elementor-element elementor-element-e761db3 elementor-widget elementor-widget-image\" data-id=\"e761db3\" data-element_type=\"widget\" data-widget_type=\"image.default\">\n\t\t\t\t\t\t\t\t\t\t\t\t\t\t\t<img decoding=\"async\" width=\"100\" height=\"100\" src=\"https:\/\/groupebero.com\/wp-content\/uploads\/2026\/01\/1015322-reduit.png\" class=\"attachment-medium size-medium wp-image-126\" alt=\"\" srcset=\"https:\/\/groupebero.com\/wp-content\/uploads\/2026\/01\/1015322-reduit.png 100w, https:\/\/groupebero.com\/wp-content\/uploads\/2026\/01\/1015322-reduit-12x12.png 12w\" sizes=\"(max-width: 100px) 100vw, 100px\" \/>\t\t\t\t\t\t\t\t\t\t\t\t\t\t\t<\/div>\n\t\t\t\t<div class=\"elementor-element elementor-element-36b51ee elementor-widget elementor-widget-image\" data-id=\"36b51ee\" data-element_type=\"widget\" data-widget_type=\"image.default\">\n\t\t\t\t\t\t\t\t\t\t\t\t\t\t\t<img loading=\"lazy\" decoding=\"async\" width=\"100\" height=\"100\" src=\"https:\/\/groupebero.com\/wp-content\/uploads\/2026\/01\/construction-reduit.png\" class=\"attachment-medium size-medium wp-image-124\" alt=\"\" srcset=\"https:\/\/groupebero.com\/wp-content\/uploads\/2026\/01\/construction-reduit.png 100w, https:\/\/groupebero.com\/wp-content\/uploads\/2026\/01\/construction-reduit-12x12.png 12w\" sizes=\"(max-width: 100px) 100vw, 100px\" \/>\t\t\t\t\t\t\t\t\t\t\t\t\t\t\t<\/div>\n\t\t\t\t\t<\/div>\n\t\t\t\t<\/div>\n\t\t<div class=\"elementor-element elementor-element-7129e57 e-grid e-con-boxed elementor-invisible e-con e-parent\" data-id=\"7129e57\" data-element_type=\"container\" data-settings=\"{&quot;animation&quot;:&quot;bounceInLeft&quot;}\">\n\t\t\t\t\t<div class=\"e-con-inner\">\n\t\t\t\t<div class=\"elementor-element elementor-element-c00af89 elementor-widget elementor-widget-heading\" data-id=\"c00af89\" data-element_type=\"widget\" data-widget_type=\"heading.default\">\n\t\t\t\t\t<h2 class=\"elementor-heading-title elementor-size-default translation-block\"><strong>Information <\/strong><strong>Systems Design<\/strong><\/h2>\t\t\t\t<\/div>\n\t\t\t\t<div class=\"elementor-element elementor-element-c126da9 elementor-widget elementor-widget-heading\" data-id=\"c126da9\" data-element_type=\"widget\" data-widget_type=\"heading.default\">\n\t\t\t\t\t<h2 class=\"elementor-heading-title elementor-size-default\">Support in Construction Work<\/h2>\t\t\t\t<\/div>\n\t\t\t\t<div class=\"elementor-element elementor-element-a59f79d elementor-widget elementor-widget-heading\" data-id=\"a59f79d\" data-element_type=\"widget\" data-widget_type=\"heading.default\">\n\t\t\t\t\t<h2 class=\"elementor-heading-title elementor-size-default\">Energy Systems Installation<\/h2>\t\t\t\t<\/div>\n\t\t\t\t<div class=\"elementor-element elementor-element-9ec691c elementor-widget elementor-widget-heading\" data-id=\"9ec691c\" data-element_type=\"widget\" data-widget_type=\"heading.default\">\n\t\t\t\t\t<h2 class=\"elementor-heading-title elementor-size-default\">Management Solution Systems Setups<\/h2>\t\t\t\t<\/div>\n\t\t\t\t\t<\/div>\n\t\t\t\t<\/div>\n\t\t<div class=\"elementor-element elementor-element-f366d30 e-grid e-con-boxed e-con e-parent\" data-id=\"f366d30\" data-element_type=\"container\">\n\t\t\t\t\t<div class=\"e-con-inner\">\n\t\t\t\t<div class=\"elementor-element elementor-element-a827a67 elementor-widget elementor-widget-text-editor\" data-id=\"a827a67\" data-element_type=\"widget\" data-widget_type=\"text-editor.default\">\n\t\t\t\t\t\t\t\t\t<h1 style=\"text-align: center; color: #187c26;\">\u2015\u2015 o \u2015\u2015<\/h1>\t\t\t\t\t\t\t\t<\/div>\n\t\t\t\t\t<\/div>\n\t\t\t\t<\/div>\n\t\t<div class=\"elementor-element elementor-element-0397af9 e-flex e-con-boxed e-con e-parent\" data-id=\"0397af9\" data-element_type=\"container\">\n\t\t\t\t\t<div class=\"e-con-inner\">\n\t\t<div class=\"elementor-element elementor-element-57bb21b e-con-full e-flex elementor-invisible e-con e-child\" data-id=\"57bb21b\" data-element_type=\"container\" data-settings=\"{&quot;animation&quot;:&quot;fadeInLeft&quot;}\">\n\t\t\t\t<div class=\"elementor-element elementor-element-7d349a2 elementor-widget elementor-widget-text-editor\" data-id=\"7d349a2\" data-element_type=\"widget\" data-widget_type=\"text-editor.default\">\n\t\t\t\t\t\t\t\t\t<h6>Information Systems<\/h6><ul><li>Analysis of requirements and objectives<\/li><li>Design, Modeling and Implementation<\/li><li>Software Acquisition and Development<\/li><li>Hardware Configuration<\/li><li>Maintenance, Deployment<\/li><li>Users Training<\/li><li>Upgrade Management<\/li><\/ul>\t\t\t\t\t\t\t\t<\/div>\n\t\t\t\t<\/div>\n\t\t<div class=\"elementor-element elementor-element-1872acf e-con-full e-flex e-con e-child\" data-id=\"1872acf\" data-element_type=\"container\">\n\t\t\t\t<div class=\"elementor-element elementor-element-47cac72 elementor-widget elementor-widget-image\" data-id=\"47cac72\" data-element_type=\"widget\" data-widget_type=\"image.default\">\n\t\t\t\t\t\t\t\t\t\t\t\t\t\t\t<img loading=\"lazy\" decoding=\"async\" width=\"750\" height=\"333\" src=\"https:\/\/groupebero.com\/wp-content\/uploads\/2026\/03\/SI3.jpg\" class=\"attachment-large size-large wp-image-394\" alt=\"\" srcset=\"https:\/\/groupebero.com\/wp-content\/uploads\/2026\/03\/SI3.jpg 962w, https:\/\/groupebero.com\/wp-content\/uploads\/2026\/03\/SI3-300x133.jpg 300w, https:\/\/groupebero.com\/wp-content\/uploads\/2026\/03\/SI3-768x341.jpg 768w, https:\/\/groupebero.com\/wp-content\/uploads\/2026\/03\/SI3-18x8.jpg 18w\" sizes=\"(max-width: 750px) 100vw, 750px\" \/>\t\t\t\t\t\t\t\t\t\t\t\t\t\t\t<\/div>\n\t\t\t\t<\/div>\n\t\t\t\t\t<\/div>\n\t\t\t\t<\/div>\n\t\t<div class=\"elementor-element elementor-element-3eb24d7 e-grid e-con-boxed e-con e-parent\" data-id=\"3eb24d7\" data-element_type=\"container\">\n\t\t\t\t\t<div class=\"e-con-inner\">\n\t\t\t\t<div class=\"elementor-element elementor-element-f8cdc27 elementor-widget elementor-widget-text-editor\" data-id=\"f8cdc27\" data-element_type=\"widget\" data-widget_type=\"text-editor.default\">\n\t\t\t\t\t\t\t\t\t<h1 style=\"text-align: center; color: #187c26;\">\u2015\u2015 o \u2015\u2015<\/h1>\t\t\t\t\t\t\t\t<\/div>\n\t\t\t\t\t<\/div>\n\t\t\t\t<\/div>\n\t\t<div class=\"elementor-element elementor-element-0cf99e7 e-flex e-con-boxed e-con e-parent\" data-id=\"0cf99e7\" data-element_type=\"container\">\n\t\t\t\t\t<div class=\"e-con-inner\">\n\t\t<div class=\"elementor-element elementor-element-c82736a e-con-full e-flex e-con e-child\" data-id=\"c82736a\" data-element_type=\"container\">\n\t\t\t\t<div class=\"elementor-element elementor-element-42e42d7 elementor-widget elementor-widget-image\" data-id=\"42e42d7\" data-element_type=\"widget\" data-widget_type=\"image.default\">\n\t\t\t\t\t\t\t\t\t\t\t\t\t\t\t<img loading=\"lazy\" decoding=\"async\" width=\"750\" height=\"349\" src=\"https:\/\/groupebero.com\/wp-content\/uploads\/2026\/03\/depenses1-1024x476.png\" class=\"attachment-large size-large wp-image-382\" alt=\"\" srcset=\"https:\/\/groupebero.com\/wp-content\/uploads\/2026\/03\/depenses1-1024x476.png 1024w, https:\/\/groupebero.com\/wp-content\/uploads\/2026\/03\/depenses1-300x139.png 300w, https:\/\/groupebero.com\/wp-content\/uploads\/2026\/03\/depenses1-768x357.png 768w, https:\/\/groupebero.com\/wp-content\/uploads\/2026\/03\/depenses1-18x8.png 18w, https:\/\/groupebero.com\/wp-content\/uploads\/2026\/03\/depenses1-750x350.png 750w, https:\/\/groupebero.com\/wp-content\/uploads\/2026\/03\/depenses1-642x300.png 642w, https:\/\/groupebero.com\/wp-content\/uploads\/2026\/03\/depenses1.png 1087w\" sizes=\"(max-width: 750px) 100vw, 750px\" \/>\t\t\t\t\t\t\t\t\t\t\t\t\t\t\t<\/div>\n\t\t\t\t<\/div>\n\t\t<div class=\"elementor-element elementor-element-f3b36bb e-con-full e-flex elementor-invisible e-con e-child\" data-id=\"f3b36bb\" data-element_type=\"container\" data-settings=\"{&quot;animation&quot;:&quot;fadeInRight&quot;}\">\n\t\t\t\t<div class=\"elementor-element elementor-element-6684612 elementor-widget elementor-widget-text-editor\" data-id=\"6684612\" data-element_type=\"widget\" data-widget_type=\"text-editor.default\">\n\t\t\t\t\t\t\t\t\t<h6>Research &amp; Monitoring<\/h6><ul><li>Preliminary analysis<\/li><li>Market research<\/li><li>Technical and legal analysis<\/li><li>Financial forecasting<\/li><li>Risk analysis<\/li><li>Identification of potential obstacles<\/li><li>Monitoring and evaluation<\/li><li>Final report and decision<\/li><\/ul>\t\t\t\t\t\t\t\t<\/div>\n\t\t\t\t<\/div>\n\t\t\t\t\t<\/div>\n\t\t\t\t<\/div>\n\t\t<div class=\"elementor-element elementor-element-5565430 e-grid e-con-boxed e-con e-parent\" data-id=\"5565430\" data-element_type=\"container\">\n\t\t\t\t\t<div class=\"e-con-inner\">\n\t\t\t\t<div class=\"elementor-element elementor-element-91093ca elementor-widget elementor-widget-text-editor\" data-id=\"91093ca\" data-element_type=\"widget\" data-widget_type=\"text-editor.default\">\n\t\t\t\t\t\t\t\t\t<h1 style=\"text-align: center; color: #187c26;\">\u2015\u2015 o \u2015\u2015<\/h1>\t\t\t\t\t\t\t\t<\/div>\n\t\t\t\t\t<\/div>\n\t\t\t\t<\/div>\n\t\t<div class=\"elementor-element elementor-element-323d951 e-flex e-con-boxed e-con e-parent\" data-id=\"323d951\" data-element_type=\"container\">\n\t\t\t\t\t<div class=\"e-con-inner\">\n\t\t<div class=\"elementor-element elementor-element-3f72be3 e-con-full e-flex elementor-invisible e-con e-child\" data-id=\"3f72be3\" data-element_type=\"container\" data-settings=\"{&quot;animation&quot;:&quot;fadeInLeft&quot;}\">\n\t\t\t\t<div class=\"elementor-element elementor-element-2d69438 elementor-widget elementor-widget-text-editor\" data-id=\"2d69438\" data-element_type=\"widget\" data-widget_type=\"text-editor.default\">\n\t\t\t\t\t\t\t\t\t<h6>Management Solutions<\/h6>\n<ul>\n \t<li>Sales management<\/li>\n \t<li>Cash management<\/li>\n \t<li>Accounting management<\/li>\n \t<li>Payroll management<\/li>\n \t<li>Project management<\/li>\n \t<li>Fixed asset management<\/li>\n \t<li>Building management<\/li>\n \t<li>Real estate agency management<\/li>\n<\/ul>\t\t\t\t\t\t\t\t<\/div>\n\t\t\t\t<\/div>\n\t\t<div class=\"elementor-element elementor-element-7f5f296 e-con-full e-flex e-con e-child\" data-id=\"7f5f296\" data-element_type=\"container\">\n\t\t\t\t<div class=\"elementor-element elementor-element-45a403b elementor-widget elementor-widget-image\" data-id=\"45a403b\" data-element_type=\"widget\" data-widget_type=\"image.default\">\n\t\t\t\t\t\t\t\t\t\t\t\t\t\t\t<img loading=\"lazy\" decoding=\"async\" width=\"572\" height=\"329\" src=\"https:\/\/groupebero.com\/wp-content\/uploads\/2026\/03\/genie_logiciel_utm.png\" class=\"attachment-large size-large wp-image-386\" alt=\"\" srcset=\"https:\/\/groupebero.com\/wp-content\/uploads\/2026\/03\/genie_logiciel_utm.png 572w, https:\/\/groupebero.com\/wp-content\/uploads\/2026\/03\/genie_logiciel_utm-300x173.png 300w, https:\/\/groupebero.com\/wp-content\/uploads\/2026\/03\/genie_logiciel_utm-18x10.png 18w\" sizes=\"(max-width: 572px) 100vw, 572px\" \/>\t\t\t\t\t\t\t\t\t\t\t\t\t\t\t<\/div>\n\t\t\t\t<\/div>\n\t\t\t\t\t<\/div>\n\t\t\t\t<\/div>\n\t\t<div class=\"elementor-element elementor-element-c6e232d e-grid e-con-boxed e-con e-parent\" data-id=\"c6e232d\" data-element_type=\"container\">\n\t\t\t\t\t<div class=\"e-con-inner\">\n\t\t\t\t<div class=\"elementor-element elementor-element-be22a15 elementor-widget elementor-widget-text-editor\" data-id=\"be22a15\" data-element_type=\"widget\" data-widget_type=\"text-editor.default\">\n\t\t\t\t\t\t\t\t\t<h1 style=\"text-align: center; color: #187c26;\">\u2015\u2015 o \u2015\u2015<\/h1>\t\t\t\t\t\t\t\t<\/div>\n\t\t\t\t\t<\/div>\n\t\t\t\t<\/div>\n\t\t<div class=\"elementor-element elementor-element-6568034 e-flex e-con-boxed e-con e-parent\" data-id=\"6568034\" data-element_type=\"container\">\n\t\t\t\t\t<div class=\"e-con-inner\">\n\t\t<div class=\"elementor-element elementor-element-142dc05 e-con-full e-flex e-con e-child\" data-id=\"142dc05\" data-element_type=\"container\">\n\t\t\t\t<div class=\"elementor-element elementor-element-c90833f elementor-widget elementor-widget-image\" data-id=\"c90833f\" data-element_type=\"widget\" data-widget_type=\"image.default\">\n\t\t\t\t\t\t\t\t\t\t\t\t\t\t\t<img loading=\"lazy\" decoding=\"async\" width=\"750\" height=\"372\" src=\"https:\/\/groupebero.com\/wp-content\/uploads\/2026\/03\/reseau-1024x508.png\" class=\"attachment-large size-large wp-image-390\" alt=\"\" srcset=\"https:\/\/groupebero.com\/wp-content\/uploads\/2026\/03\/reseau-1024x508.png 1024w, https:\/\/groupebero.com\/wp-content\/uploads\/2026\/03\/reseau-300x149.png 300w, https:\/\/groupebero.com\/wp-content\/uploads\/2026\/03\/reseau-768x381.png 768w, https:\/\/groupebero.com\/wp-content\/uploads\/2026\/03\/reseau-18x9.png 18w, https:\/\/groupebero.com\/wp-content\/uploads\/2026\/03\/reseau.png 1079w\" sizes=\"(max-width: 750px) 100vw, 750px\" \/>\t\t\t\t\t\t\t\t\t\t\t\t\t\t\t<\/div>\n\t\t\t\t<\/div>\n\t\t<div class=\"elementor-element elementor-element-13c21a4 e-con-full e-flex elementor-invisible e-con e-child\" data-id=\"13c21a4\" data-element_type=\"container\" data-settings=\"{&quot;animation&quot;:&quot;fadeInRight&quot;}\">\n\t\t\t\t<div class=\"elementor-element elementor-element-b42b6e8 elementor-widget elementor-widget-text-editor\" data-id=\"b42b6e8\" data-element_type=\"widget\" data-widget_type=\"text-editor.default\">\n\t\t\t\t\t\t\t\t\t<h6>Miscellaneous<\/h6><ul><li>Computer network<\/li><li>Telephone network<\/li><li>Video surveillance network<\/li><li>Access control network<\/li><li>Electrical network<\/li><li>Fire safety system<\/li><\/ul>\t\t\t\t\t\t\t\t<\/div>\n\t\t\t\t<\/div>\n\t\t\t\t\t<\/div>\n\t\t\t\t<\/div>\n\t\t\t\t<\/div>","protected":false},"excerpt":{"rendered":"<p>\u2015 Nos Services \u2015 Conception de Syst\u00e8mes d\u2019Informations Accompagnement dans les Travaux de Constructions Installation des Syst\u00e8mes \u00c9nerg\u00e9tiques Mise en Place de Syst\u00e8mes de Solutions de Gestion \u2015\u2015 o \u2015\u2015 Systemes d&rsquo;Informations Analyse des besoins et objectifs Conception, mod\u00e9lisation, impl\u00e9mentation<\/p>","protected":false},"author":1,"featured_media":0,"parent":0,"menu_order":0,"comment_status":"closed","ping_status":"closed","template":"","meta":{"footnotes":""},"class_list":["post-9","page","type-page","status-publish","hentry"],"_links":{"self":[{"href":"https:\/\/groupebero.com\/en\/wp-json\/wp\/v2\/pages\/9","targetHints":{"allow":["GET"]}}],"collection":[{"href":"https:\/\/groupebero.com\/en\/wp-json\/wp\/v2\/pages"}],"about":[{"href":"https:\/\/groupebero.com\/en\/wp-json\/wp\/v2\/types\/page"}],"author":[{"embeddable":true,"href":"https:\/\/groupebero.com\/en\/wp-json\/wp\/v2\/users\/1"}],"replies":[{"embeddable":true,"href":"https:\/\/groupebero.com\/en\/wp-json\/wp\/v2\/comments?post=9"}],"version-history":[{"count":52,"href":"https:\/\/groupebero.com\/en\/wp-json\/wp\/v2\/pages\/9\/revisions"}],"predecessor-version":[{"id":412,"href":"https:\/\/groupebero.com\/en\/wp-json\/wp\/v2\/pages\/9\/revisions\/412"}],"wp:attachment":[{"href":"https:\/\/groupebero.com\/en\/wp-json\/wp\/v2\/media?parent=9"}],"curies":[{"name":"wp","href":"https:\/\/api.w.org\/{rel}","templated":true}]}}